{"id":4551,"date":"2026-01-13T20:59:28","date_gmt":"2026-01-13T20:59:28","guid":{"rendered":"https:\/\/belarthis.be\/?page_id=4551"},"modified":"2026-01-13T20:59:28","modified_gmt":"2026-01-13T20:59:28","slug":"other-sources","status":"publish","type":"page","link":"https:\/\/belarthis.be\/en\/other-sources\/","title":{"rendered":"Other sources"},"content":{"rendered":"<div class=\"fusion-fullwidth fullwidth-box fusion-builder-row-1 fusion-flex-container has-pattern-background has-mask-background nonhundred-percent-fullwidth non-hundred-percent-height-scrolling\" style=\"--awb-border-radius-top-left:0px;--awb-border-radius-top-right:0px;--awb-border-radius-bottom-right:0px;--awb-border-radius-bottom-left:0px;\" ><div class=\"fusion-builder-row fusion-row fusion-flex-align-items-flex-start\" style=\"max-width:1248px;margin-left: calc(-4% \/ 2 );margin-right: calc(-4% \/ 2 );\"><div class=\"fusion-layout-column fusion_builder_column fusion-builder-column-0 fusion_builder_column_1_1 1_1 fusion-flex-column\" style=\"--awb-bg-size:cover;--awb-width-large:100%;--awb-margin-top-large:0px;--awb-spacing-right-large:1.92%;--awb-margin-bottom-large:20px;--awb-spacing-left-large:1.92%;--awb-width-medium:100%;--awb-order-medium:0;--awb-spacing-right-medium:1.92%;--awb-spacing-left-medium:1.92%;--awb-width-small:100%;--awb-order-small:0;--awb-spacing-right-small:1.92%;--awb-spacing-left-small:1.92%;\"><div class=\"fusion-column-wrapper fusion-column-has-shadow fusion-flex-justify-content-flex-start fusion-content-layout-column\"><div class=\"fusion-title title fusion-title-1 fusion-sep-none fusion-title-text fusion-title-size-one\"><h1 class=\"title-heading-left\" style=\"margin:0;\">Other sources<\/h1><\/div><div class=\"fusion-text fusion-text-1\"><p style=\"padding-left: 40px;\"><strong>Other sources<\/strong> are listed here, including <strong>research groups and websites<\/strong>, both Belgian and foreign, that focus on the historiography of art history.<\/p>\n<p style=\"padding-left: 40px;\"><u><b>art-info.be<\/b>:<\/u><br \/>\n<a href=\"https:\/\/www.art-info.be\" target=\"_blank\" rel=\"noopener\">https:\/\/www.art-info.be<\/a><br \/>\n<a href=\"https:\/\/belarthis.be\/en\/art-info\/\"><span style=\"color: #198fd9;\"><u>More info<\/u><\/span><\/a><\/p>\n<\/div><div class=\"fusion-text fusion-text-2\"><p style=\"padding-left: 40px;\"><span style=\"letter-spacing: 0.24px; background-color: rgba(0, 0, 0, 0);\"><strong>Biographie nationale<\/strong> (Royal Academy of Belgium):<br \/>\n<\/span><a href=\"https:\/\/academieroyale.be\/fr\/la-biographie-nationale-volumes\" target=\"_blank\" rel=\"noopener\"><span style=\"letter-spacing: 0.24px; background-color: rgba(0, 0, 0, 0);\">https:\/\/academieroyale.be\/fr\/la-biographie-nationale-volumes <\/span><\/a><\/p>\n<p style=\"padding-left: 40px;\"><span style=\"letter-spacing: 0.24px; background-color: rgba(0, 0, 0, 0);\"><strong>Dictionary of Art Historians<\/strong> (Duke University):<br \/>\n<\/span><a href=\"https:\/\/arthistorians.info\/about\" target=\"_blank\" rel=\"noopener\"><span style=\"letter-spacing: 0.24px; background-color: rgba(0, 0, 0, 0);\">https:\/\/arthistorians.info\/about<\/span><\/a><br \/>\n<a href=\"https:\/\/belarthis.be\/duke_university\/\"><u>More info<\/u><\/a><\/p>\n<p style=\"padding-left: 40px;\"><span style=\"letter-spacing: 0.24px; background-color: rgba(0, 0, 0, 0);\"><strong>Dictionnaire critique des historiens de l\u2019art actifs en France de la R\u00e9volution \u00e0 la Premi\u00e8re Guerre mondiale<\/strong> (INHA):<br \/>\n<\/span><a href=\"https:\/\/www.inha.fr\/dictionnaire-critique-des-historiens-de-lart-actifs-en-france-de-la-revolution-a-la-premiere-guerre-mondiale\" target=\"_blank\" rel=\"noopener\"><span style=\"background-color: rgba(0, 0, 0, 0); letter-spacing: 0.24px;\">https:\/\/www.inha.fr\/dictionnaire-critique-des-historiens-de-lart-actifs-en-france-de-la-revolution-a-la-premiere-guerre-mondiale <\/span><\/a><\/p>\n<p style=\"padding-left: 40px;\"><span style=\"letter-spacing: 0.24px; background-color: rgba(0, 0, 0, 0);\"><u><b>Retrace<\/b> srl:<\/u><br \/>\n<a href=\"https:\/\/www.retrace.agency\" target=\"_blank\" rel=\"noopener\">https:\/\/www.retrace.agency<\/a><br \/>\n<a href=\"https:\/\/belarthis.be\/en\/retrace\/\"><u>More info<\/u><\/a><\/span><\/p>\n<\/div><\/div><\/div><\/div><\/div>\n","protected":false},"excerpt":{"rendered":"","protected":false},"author":20,"featured_media":0,"parent":0,"menu_order":0,"comment_status":"closed","ping_status":"closed","template":"100-width.php","meta":{"_bbp_topic_count":0,"_bbp_reply_count":0,"_bbp_total_topic_count":0,"_bbp_total_reply_count":0,"_bbp_voice_count":0,"_bbp_anonymous_reply_count":0,"_bbp_topic_count_hidden":0,"_bbp_reply_count_hidden":0,"_bbp_forum_subforum_count":0,"footnotes":""},"class_list":["post-4551","page","type-page","status-publish","hentry"],"pp_force_visibility":null,"pp_subpost_visibility":null,"pp_inherited_force_visibility":null,"pp_inherited_subpost_visibility":null,"acf":[],"_links":{"self":[{"href":"https:\/\/belarthis.be\/en\/wp-json\/wp\/v2\/pages\/4551","targetHints":{"allow":["GET"]}}],"collection":[{"href":"https:\/\/belarthis.be\/en\/wp-json\/wp\/v2\/pages"}],"about":[{"href":"https:\/\/belarthis.be\/en\/wp-json\/wp\/v2\/types\/page"}],"author":[{"embeddable":true,"href":"https:\/\/belarthis.be\/en\/wp-json\/wp\/v2\/users\/20"}],"replies":[{"embeddable":true,"href":"https:\/\/belarthis.be\/en\/wp-json\/wp\/v2\/comments?post=4551"}],"version-history":[{"count":2,"href":"https:\/\/belarthis.be\/en\/wp-json\/wp\/v2\/pages\/4551\/revisions"}],"predecessor-version":[{"id":4558,"href":"https:\/\/belarthis.be\/en\/wp-json\/wp\/v2\/pages\/4551\/revisions\/4558"}],"wp:attachment":[{"href":"https:\/\/belarthis.be\/en\/wp-json\/wp\/v2\/media?parent=4551"}],"curies":[{"name":"wp","href":"https:\/\/api.w.org\/{rel}","templated":true}]}}