{"id":4559,"date":"2026-01-13T21:04:39","date_gmt":"2026-01-13T21:04:39","guid":{"rendered":"https:\/\/belarthis.be\/?page_id=4559"},"modified":"2026-01-13T21:04:39","modified_gmt":"2026-01-13T21:04:39","slug":"arahab-kaakb","status":"publish","type":"page","link":"https:\/\/belarthis.be\/en\/arahab-kaakb\/","title":{"rendered":"ARAHAB-KAAKB"},"content":{"rendered":"<div class=\"fusion-fullwidth fullwidth-box fusion-builder-row-1 fusion-flex-container has-pattern-background has-mask-background nonhundred-percent-fullwidth non-hundred-percent-height-scrolling\" style=\"--awb-border-radius-top-left:0px;--awb-border-radius-top-right:0px;--awb-border-radius-bottom-right:0px;--awb-border-radius-bottom-left:0px;\" ><div class=\"fusion-builder-row fusion-row fusion-flex-align-items-flex-start\" style=\"max-width:1248px;margin-left: calc(-4% \/ 2 );margin-right: calc(-4% \/ 2 );\"><div class=\"fusion-layout-column fusion_builder_column fusion-builder-column-0 fusion_builder_column_1_1 1_1 fusion-flex-column\" style=\"--awb-bg-size:cover;--awb-width-large:100%;--awb-margin-top-large:0px;--awb-spacing-right-large:1.92%;--awb-margin-bottom-large:20px;--awb-spacing-left-large:1.92%;--awb-width-medium:100%;--awb-order-medium:0;--awb-spacing-right-medium:1.92%;--awb-spacing-left-medium:1.92%;--awb-width-small:100%;--awb-order-small:0;--awb-spacing-right-small:1.92%;--awb-spacing-left-small:1.92%;\"><div class=\"fusion-column-wrapper fusion-column-has-shadow fusion-flex-justify-content-flex-start fusion-content-layout-column\"><div class=\"fusion-title title fusion-title-1 fusion-sep-none fusion-title-text fusion-title-size-one\"><h1 class=\"title-heading-left\" style=\"margin:0;\">ARAHAB-KAAKB<\/h1><\/div><div class=\"fusion-text fusion-text-1\"><p style=\"padding-left: 40px;\">This page contains a series of <strong>additional resources to supplement the articles published by Belarthis<\/strong>.<\/p>\n<\/div><div class=\"fusion-builder-row fusion-builder-row-inner fusion-row fusion-flex-align-items-flex-start\" style=\"width:104% !important;max-width:104% !important;margin-left: calc(-4% \/ 2 );margin-right: calc(-4% \/ 2 );\"><div class=\"fusion-layout-column fusion_builder_column_inner fusion-builder-nested-column-0 fusion_builder_column_inner_1_1 1_1 fusion-flex-column\" style=\"--awb-padding-bottom:3px;--awb-bg-size:cover;--awb-width-large:100%;--awb-margin-top-large:12px;--awb-spacing-right-large:0%;--awb-margin-bottom-large:5px;--awb-spacing-left-large:1.92%;--awb-width-medium:100%;--awb-order-medium:0;--awb-spacing-right-medium:0%;--awb-spacing-left-medium:1.92%;--awb-width-small:100%;--awb-order-small:0;--awb-spacing-right-small:1.92%;--awb-spacing-left-small:1.92%;\"><div class=\"fusion-column-wrapper fusion-column-has-shadow fusion-flex-justify-content-flex-start fusion-content-layout-column\"><div class=\"fusion-text fusion-text-2\"><h2 style=\"padding-left: 40px;\">Royal Academy of Archaeology and Art History of Belgium<\/h2>\n<\/div><div class=\"fusion-text fusion-text-3\" style=\"--awb-margin-top:-15px;\"><p style=\"padding-left: 40px;\"><a href=\"http:\/\/www.acad.be\/en\">http:\/\/www.acad.be\/en<\/a><\/p>\n<p style=\"padding-left: 40px; margin-top: -10px;\">The following articles published in the <em><b>Revue belge d\u2019arch\u00e9ologie et d\u2019histoire de l\u2019art<\/b><\/em> relate to Belgian historiography of art history.<\/p>\n<\/div><\/div><\/div><\/div><div class=\"fusion-text fusion-text-4\" style=\"--awb-letter-spacing:0.01em;--awb-margin-left:99px;\"><ul>\n<li><b>Hamber Anthony<\/b><br \/>\n\u00ab<a href=\"http:\/\/belarthis.be\/wp-content\/uploads\/2025\/08\/RBA-2023-Hamber.pdf\" target=\"_blank\" rel=\"noopener\">Materiality and the Photographic Reproduction of Memling Shrine of St Ursula in Bruges<\/a>\u00bb<br \/>\n<span style=\"font-weight: 400;\">Published in<\/span> RBAHA, XCII, 2023, p 95-118<\/li>\n<\/ul>\n<ul>\n<li><b>Sanchez Cienfuegos In\u00e8s<br \/>\n<\/b>\u00ab<a href=\"http:\/\/belarthis.be\/wp-content\/uploads\/2025\/08\/RBA-2023-Sanchez.pdf\" target=\"_blank\" rel=\"noopener\">Des amiti\u00e9s italiennes \u00e0 la Fondation Princesse Marie-Jos\u00e9e. Origine et transformations d&#8217;une association culturelle italo-belge dans l&#8217;Entre-deux-Guerres<\/a>\u00bb<br \/>\n<span style=\"font-weight: 400;\">Published in<\/span> RBAHA, XCII, 2023, p 119-151<\/li>\n<\/ul>\n<ul>\n<li><b>Veratelli Federica<br \/>\n<\/b>\u00ab<a href=\"http:\/\/belarthis.be\/wp-content\/uploads\/2025\/08\/RBA-2023-Veratelli_v2.pdf\" target=\"_blank\" rel=\"noopener\">Pour la &#8220;r\u00e9habilitation&#8221; des Primitifs flamands en Italie. L&#8217;exposition de Florence de 1947 et le projet Ragghianti<\/a>\u00bb<br \/>\n<span style=\"font-weight: 400;\">Published in<\/span> RBAHA, XCII, 2023, p 153-194<\/li>\n<\/ul>\n<ul>\n<li><b>Zdanov Sacha<br \/>\n<\/b>\u00ab<a href=\"http:\/\/belarthis.be\/wp-content\/uploads\/2025\/08\/RBA-2023-Zdanov.pdf\" target=\"_blank\" rel=\"noopener\">La relativit\u00e9 artistique et ses probl\u00e8mes m\u00e9thodologiques dans l&#8217;\u00e9tude de la peinture des Pays-Bas m\u00e9ridionaux<\/a>\u00bb<br \/>\nPrix de l&#8217;Acad\u00e9mie royale d&#8217;Arch\u00e9ologie et d&#8217;Histoire de l&#8217;art<br \/>\n<span style=\"font-weight: 400;\">Published in<\/span> RBAHA, XCII, 2023, p 5-45<\/li>\n<li><b>Tollebeek Jo<\/b> et <b>De Baerdemaeker Marieke<br \/>\n<\/b><span style=\"letter-spacing: 0.16px; background-color: rgba(0, 0, 0, 0);\">\u00ab<a href=\"https:\/\/belarthis.be\/wp-content\/uploads\/2025\/12\/Archeologie-2024_Jo-Tollebeek-et-Marieke-De-Baerdemaeker.pdf\" target=\"_blank\" rel=\"noopener noreferrer\">Collectionner, \u00e9tudier, exposer la fa\u00efence bruxelloise, 1870-1940<\/a><\/span><span style=\"letter-spacing: 0.16px; background-color: rgba(0, 0, 0, 0);\">\u00bb<br \/>\n<\/span><span style=\"letter-spacing: 0.16px; background-color: rgba(0, 0, 0, 0);\"><span style=\"font-weight: 400;\">Published in<\/span> RBAHA, XCIII, 2024, p 89-130 <\/span><\/li>\n<\/ul>\n<\/div><\/div><\/div><\/div><\/div>\n","protected":false},"excerpt":{"rendered":"","protected":false},"author":20,"featured_media":0,"parent":0,"menu_order":0,"comment_status":"closed","ping_status":"closed","template":"100-width.php","meta":{"_bbp_topic_count":0,"_bbp_reply_count":0,"_bbp_total_topic_count":0,"_bbp_total_reply_count":0,"_bbp_voice_count":0,"_bbp_anonymous_reply_count":0,"_bbp_topic_count_hidden":0,"_bbp_reply_count_hidden":0,"_bbp_forum_subforum_count":0,"footnotes":""},"class_list":["post-4559","page","type-page","status-publish","hentry"],"pp_force_visibility":null,"pp_subpost_visibility":null,"pp_inherited_force_visibility":null,"pp_inherited_subpost_visibility":null,"acf":[],"_links":{"self":[{"href":"https:\/\/belarthis.be\/en\/wp-json\/wp\/v2\/pages\/4559","targetHints":{"allow":["GET"]}}],"collection":[{"href":"https:\/\/belarthis.be\/en\/wp-json\/wp\/v2\/pages"}],"about":[{"href":"https:\/\/belarthis.be\/en\/wp-json\/wp\/v2\/types\/page"}],"author":[{"embeddable":true,"href":"https:\/\/belarthis.be\/en\/wp-json\/wp\/v2\/users\/20"}],"replies":[{"embeddable":true,"href":"https:\/\/belarthis.be\/en\/wp-json\/wp\/v2\/comments?post=4559"}],"version-history":[{"count":2,"href":"https:\/\/belarthis.be\/en\/wp-json\/wp\/v2\/pages\/4559\/revisions"}],"predecessor-version":[{"id":4561,"href":"https:\/\/belarthis.be\/en\/wp-json\/wp\/v2\/pages\/4559\/revisions\/4561"}],"wp:attachment":[{"href":"https:\/\/belarthis.be\/en\/wp-json\/wp\/v2\/media?parent=4559"}],"curies":[{"name":"wp","href":"https:\/\/api.w.org\/{rel}","templated":true}]}}