{"id":4562,"date":"2026-01-13T21:18:04","date_gmt":"2026-01-13T21:18:04","guid":{"rendered":"https:\/\/belarthis.be\/?page_id=4562"},"modified":"2026-01-13T21:18:04","modified_gmt":"2026-01-13T21:18:04","slug":"sources","status":"publish","type":"page","link":"https:\/\/belarthis.be\/en\/sources\/","title":{"rendered":"Sources"},"content":{"rendered":"<div class=\"fusion-fullwidth fullwidth-box fusion-builder-row-1 fusion-flex-container has-pattern-background has-mask-background nonhundred-percent-fullwidth non-hundred-percent-height-scrolling\" style=\"--awb-border-radius-top-left:0px;--awb-border-radius-top-right:0px;--awb-border-radius-bottom-right:0px;--awb-border-radius-bottom-left:0px;\" ><div class=\"fusion-builder-row fusion-row fusion-flex-align-items-flex-start\" style=\"max-width:1248px;margin-left: calc(-4% \/ 2 );margin-right: calc(-4% \/ 2 );\"><div class=\"fusion-layout-column fusion_builder_column fusion-builder-column-0 fusion_builder_column_1_1 1_1 fusion-flex-column\" style=\"--awb-bg-size:cover;--awb-width-large:100%;--awb-margin-top-large:0px;--awb-spacing-right-large:1.92%;--awb-margin-bottom-large:20px;--awb-spacing-left-large:1.92%;--awb-width-medium:100%;--awb-order-medium:0;--awb-spacing-right-medium:1.92%;--awb-spacing-left-medium:1.92%;--awb-width-small:100%;--awb-order-small:0;--awb-spacing-right-small:1.92%;--awb-spacing-left-small:1.92%;\"><div class=\"fusion-column-wrapper fusion-column-has-shadow fusion-flex-justify-content-flex-start fusion-content-layout-column\"><div class=\"fusion-tabs fusion-tabs-1 classic nav-is-justified horizontal-tabs icon-position-left mobile-mode-accordion\" style=\"--awb-title-border-radius-top-left:0px;--awb-title-border-radius-top-right:0px;--awb-title-border-radius-bottom-right:0px;--awb-title-border-radius-bottom-left:0px;--awb-alignment:start;--awb-inactive-color:var(--awb-color2);--awb-background-color:var(--awb-color1);--awb-border-color:var(--awb-color3);--awb-active-border-color:var(--awb-color5);\"><div class=\"nav\"><ul class=\"nav-tabs nav-justified\" role=\"tablist\"><li class=\"active\" role=\"presentation\"><a class=\"tab-link\" data-toggle=\"tab\" role=\"tab\" aria-controls=\"tab-df7bc6cfed97409860b\" aria-selected=\"true\" id=\"fusion-tab-arahab-kaakb\" href=\"#tab-df7bc6cfed97409860b\"><h4 class=\"fusion-tab-heading\">ARAHAB-KAAKB<\/h4><\/a><\/li><li role=\"presentation\"><a class=\"tab-link\" data-toggle=\"tab\" role=\"tab\" aria-controls=\"tab-3bada18ffc03b5fcce1\" aria-selected=\"false\" tabindex=\"-1\" id=\"fusion-tab-othersources\" href=\"#tab-3bada18ffc03b5fcce1\"><h4 class=\"fusion-tab-heading\">Other sources<\/h4><\/a><\/li><\/ul><\/div><div class=\"tab-content\"><div class=\"nav fusion-mobile-tab-nav\"><ul class=\"nav-tabs nav-justified\" role=\"tablist\"><li class=\"active\" role=\"presentation\"><a class=\"tab-link\" data-toggle=\"tab\" role=\"tab\" aria-controls=\"tab-df7bc6cfed97409860b\" aria-selected=\"true\" id=\"mobile-fusion-tab-arahab-kaakb\" href=\"#tab-df7bc6cfed97409860b\"><h4 class=\"fusion-tab-heading\">ARAHAB-KAAKB<\/h4><\/a><\/li><\/ul><\/div><div class=\"tab-pane fade fusion-clearfix in active\" role=\"tabpanel\" tabindex=\"0\" aria-labelledby=\"fusion-tab-arahab-kaakb\" id=\"tab-df7bc6cfed97409860b\">\n<p><b>Royal Academy of Archaeology and Art History of Belgium <\/b><\/p>\n<p>The following articles published in the <strong><em>Revue belge d\u2019arch\u00e9ologie et d\u2019histoire de l\u2019art<\/em><\/strong> relate to Belgian historiography of art history.<\/p>\n<ul>\n<li><b>Hamber Anthony<\/b><br \/>\n\u00ab<a href=\"http:\/\/belarthis.be\/wp-content\/uploads\/2025\/08\/RBA-2023-Hamber.pdf\" target=\"_blank\" rel=\"noopener\">Materiality and the Photographic Reproduction of Memling Shrine of St Ursula in Bruges<\/a>\u00bb<br \/>\nPublished in RBAHA, XCII, 2023, p 95-118.<\/li>\n<\/ul>\n<ul>\n<li><b>Sanchez Cienfuegos In\u00e8s<br \/>\n<\/b>\u00ab<a href=\"http:\/\/belarthis.be\/wp-content\/uploads\/2025\/08\/RBA-2023-Sanchez.pdf\" target=\"_blank\" rel=\"noopener\">Des amiti\u00e9s italiennes \u00e0 la Fondation Princesse Marie-Jos\u00e9e. Origine et transformations d&#8217;une association culturelle italo-belge dans l&#8217;Entre-deux-Guerres<\/a>\u00bb<br \/>\nPublished in RBAHA, XCII, 2023, p 119-151.<\/li>\n<\/ul>\n<ul>\n<li><b>Veratelli Federica<br \/>\n<\/b>\u00ab<a href=\"http:\/\/belarthis.be\/wp-content\/uploads\/2025\/08\/RBA-2023-Veratelli_v2.pdf\" target=\"_blank\" rel=\"noopener\">Pour la &#8220;r\u00e9habilitation&#8221; des Primitifs flamands en Italie. L&#8217;exposition de Florence de 1947 et le projet Ragghianti<\/a>\u00bb<br \/>\nPublished in RBAHA, XCII, 2023, p 153-194.<\/li>\n<\/ul>\n<ul>\n<li><b>Zdanov Sacha<br \/>\n<\/b>\u00ab<a href=\"http:\/\/belarthis.be\/wp-content\/uploads\/2025\/08\/RBA-2023-Zdanov.pdf\" target=\"_blank\" rel=\"noopener\">La relativit\u00e9 artistique et ses probl\u00e8mes m\u00e9thodologiques dans l&#8217;\u00e9tude de la peinture des Pays-Bas m\u00e9ridionaux<\/a>\u00bb<br \/>\nPrix de l&#8217;Acad\u00e9mie royale d&#8217;Arch\u00e9ologie et d&#8217;Histoire de l&#8217;art<br \/>\nPublished in RBAHA, XCII, 2023, p 5-45.<\/li>\n<\/ul>\n<ul>\n<li><b>Tollebeek Jo<\/b> et <b>De Baerdemaeker Marieke<br \/>\n<\/b><span style=\"letter-spacing: 0.16px; background-color: rgba(0, 0, 0, 0);\">\u00ab<a href=\"https:\/\/belarthis.be\/wp-content\/uploads\/2025\/12\/Archeologie-2024_Jo-Tollebeek-et-Marieke-De-Baerdemaeker.pdf\" target=\"_blank\" rel=\"noopener noreferrer\">Collectionner, \u00e9tudier, exposer la fa\u00efence bruxelloise, 1870-1940<\/a><\/span><span style=\"letter-spacing: 0.16px; background-color: rgba(0, 0, 0, 0);\">\u00bb<br \/>\n<\/span><span style=\"letter-spacing: 0.16px; background-color: rgba(0, 0, 0, 0);\">Published in RBAHA, XCIII, 2024, p 89-130.<\/span><\/li>\n<\/ul>\n<\/div><div class=\"nav fusion-mobile-tab-nav\"><ul class=\"nav-tabs nav-justified\" role=\"tablist\"><li role=\"presentation\"><a class=\"tab-link\" data-toggle=\"tab\" role=\"tab\" aria-controls=\"tab-3bada18ffc03b5fcce1\" aria-selected=\"false\" tabindex=\"-1\" id=\"mobile-fusion-tab-othersources\" href=\"#tab-3bada18ffc03b5fcce1\"><h4 class=\"fusion-tab-heading\">Other sources<\/h4><\/a><\/li><\/ul><\/div><div class=\"tab-pane fade fusion-clearfix\" role=\"tabpanel\" tabindex=\"0\" aria-labelledby=\"fusion-tab-othersources\" id=\"tab-3bada18ffc03b5fcce1\">\n<p>Other Sources<\/p>\n<p style=\"padding-left: 40px;\">Other sources are listed here, including research groups and websites, both Belgian and foreign, that focus on the historiography of art history<\/p>\n<p style=\"padding-left: 40px;\"><u><b>art-info.be<\/b>:<\/u><br \/>\n<a href=\"https:\/\/www.art-info.be\" target=\"_blank\" rel=\"noopener\">https:\/\/www.art-info.be<\/a><br \/>\n<a href=\"https:\/\/belarthis.be\/en\/art-info\/\"><span style=\"color: #198fd9;\"><u>More info<\/u><\/span><\/a><\/p>\n<p style=\"padding-left: 40px;\"><span style=\"letter-spacing: 0.24px; background-color: rgba(0, 0, 0, 0);\"><strong>National biography<br \/>\n<\/strong> (Royal Academy of Belgium):<br \/>\n<\/span><a href=\"https:\/\/academieroyale.be\/fr\/la-biographie-nationale-volumes\"><span style=\"letter-spacing: 0.24px; background-color: rgba(0, 0, 0, 0);\">https:\/\/academieroyale.be\/fr\/la-biographie-nationale-volumes<\/span><\/a><\/p>\n<p style=\"padding-left: 40px;\"><span style=\"letter-spacing: 0.24px; background-color: rgba(0, 0, 0, 0);\"><strong>Dictionary of Art Historians<\/strong> (Duke University):<br \/>\n<\/span><a href=\"https:\/\/arthistorians.info\/about\" target=\"_blank\" rel=\"noopener\"><span style=\"letter-spacing: 0.24px; background-color: rgba(0, 0, 0, 0);\">https:\/\/arthistorians.info\/about<\/span><\/a><br \/>\n<a href=\"https:\/\/belarthis.be\/duke_university\/\"><u>More info<\/u><\/a><\/p>\n<p style=\"padding-left: 40px;\"><span style=\"letter-spacing: 0.24px; background-color: rgba(0, 0, 0, 0);\"><strong>Dictionnaire critique des historiens de l\u2019art actifs en France de la R\u00e9volution \u00e0 la Premi\u00e8re Guerre mondiale<\/strong> (INHA):<br \/>\n<\/span><a href=\"https:\/\/www.inha.fr\/dictionnaire-critique-des-historiens-de-lart-actifs-en-france-de-la-revolution-a-la-premiere-guerre-mondiale\" target=\"_blank\" rel=\"noopener\"><span style=\"background-color: rgba(0, 0, 0, 0); letter-spacing: 0.24px;\">https:\/\/www.inha.fr\/dictionnaire-critique-des-historiens-de-lart-actifs-en-france-de-la-revolution-a-la-premiere-guerre-mondiale <\/span><\/a><\/p>\n<p style=\"padding-left: 40px;\"><span style=\"letter-spacing: 0.24px; background-color: rgba(0, 0, 0, 0);\"><u><b>Retrace<\/b> srl:<\/u><br \/>\n<a href=\"https:\/\/www.retrace.agency\" target=\"_blank\" rel=\"noopener\">https:\/\/www.retrace.agency<\/a><br \/>\n<a href=\" https:\/\/belarthis.be\/en\/retrace\"><u>More info<\/u><\/a><\/span><\/p>\n<\/div><\/div><\/div><\/div><\/div><\/div><\/div>\n","protected":false},"excerpt":{"rendered":"","protected":false},"author":20,"featured_media":0,"parent":0,"menu_order":0,"comment_status":"closed","ping_status":"closed","template":"100-width.php","meta":{"_bbp_topic_count":0,"_bbp_reply_count":0,"_bbp_total_topic_count":0,"_bbp_total_reply_count":0,"_bbp_voice_count":0,"_bbp_anonymous_reply_count":0,"_bbp_topic_count_hidden":0,"_bbp_reply_count_hidden":0,"_bbp_forum_subforum_count":0,"footnotes":""},"class_list":["post-4562","page","type-page","status-publish","hentry"],"pp_force_visibility":null,"pp_subpost_visibility":null,"pp_inherited_force_visibility":null,"pp_inherited_subpost_visibility":null,"acf":[],"_links":{"self":[{"href":"https:\/\/belarthis.be\/en\/wp-json\/wp\/v2\/pages\/4562","targetHints":{"allow":["GET"]}}],"collection":[{"href":"https:\/\/belarthis.be\/en\/wp-json\/wp\/v2\/pages"}],"about":[{"href":"https:\/\/belarthis.be\/en\/wp-json\/wp\/v2\/types\/page"}],"author":[{"embeddable":true,"href":"https:\/\/belarthis.be\/en\/wp-json\/wp\/v2\/users\/20"}],"replies":[{"embeddable":true,"href":"https:\/\/belarthis.be\/en\/wp-json\/wp\/v2\/comments?post=4562"}],"version-history":[{"count":1,"href":"https:\/\/belarthis.be\/en\/wp-json\/wp\/v2\/pages\/4562\/revisions"}],"predecessor-version":[{"id":4563,"href":"https:\/\/belarthis.be\/en\/wp-json\/wp\/v2\/pages\/4562\/revisions\/4563"}],"wp:attachment":[{"href":"https:\/\/belarthis.be\/en\/wp-json\/wp\/v2\/media?parent=4562"}],"curies":[{"name":"wp","href":"https:\/\/api.w.org\/{rel}","templated":true}]}}