{"id":4875,"date":"2025-12-29T16:17:10","date_gmt":"2025-12-29T16:17:10","guid":{"rendered":"https:\/\/belarthis.be\/rbaha\/"},"modified":"2026-04-06T17:33:37","modified_gmt":"2026-04-06T17:33:37","slug":"rbaha","status":"publish","type":"page","link":"https:\/\/belarthis.be\/en\/rbaha\/","title":{"rendered":"RBAHA"},"content":{"rendered":"<div class=\"fusion-fullwidth fullwidth-box fusion-builder-row-1 fusion-flex-container has-pattern-background has-mask-background nonhundred-percent-fullwidth non-hundred-percent-height-scrolling\" style=\"--awb-border-radius-top-left:0px;--awb-border-radius-top-right:0px;--awb-border-radius-bottom-right:0px;--awb-border-radius-bottom-left:0px;\" ><div class=\"fusion-builder-row fusion-row fusion-flex-align-items-flex-start\" style=\"max-width:1248px;margin-left: calc(-4% \/ 2 );margin-right: calc(-4% \/ 2 );\"><div class=\"fusion-layout-column fusion_builder_column fusion-builder-column-0 fusion_builder_column_1_1 1_1 fusion-flex-column\" style=\"--awb-bg-size:cover;--awb-width-large:100%;--awb-margin-top-large:0px;--awb-spacing-right-large:1.92%;--awb-margin-bottom-large:20px;--awb-spacing-left-large:1.92%;--awb-width-medium:100%;--awb-order-medium:0;--awb-spacing-right-medium:1.92%;--awb-spacing-left-medium:1.92%;--awb-width-small:100%;--awb-order-small:0;--awb-spacing-right-small:1.92%;--awb-spacing-left-small:1.92%;\"><div class=\"fusion-column-wrapper fusion-column-has-shadow fusion-flex-justify-content-flex-start fusion-content-layout-column\"><div class=\"fusion-title title fusion-title-1 fusion-sep-none fusion-title-text fusion-title-size-one\" style=\"--awb-margin-bottom:50px;\"><h1 class=\"title-heading-left\" style=\"margin:0;\">Revue belge d&#8217;Arch\u00e9ologie et d&#8217;Histoire de l&#8217;Art<\/h1><\/div><div class=\"fusion-builder-row fusion-builder-row-inner fusion-row fusion-flex-align-items-flex-start\" style=\"width:104% !important;max-width:104% !important;margin-left: calc(-4% \/ 2 );margin-right: calc(-4% \/ 2 );\"><div class=\"fusion-layout-column fusion_builder_column_inner fusion-builder-nested-column-0 fusion_builder_column_inner_1_1 1_1 fusion-flex-column\" style=\"--awb-padding-bottom:3px;--awb-bg-size:cover;--awb-width-large:100%;--awb-margin-top-large:12px;--awb-spacing-right-large:0%;--awb-margin-bottom-large:5px;--awb-spacing-left-large:1.92%;--awb-width-medium:100%;--awb-order-medium:0;--awb-spacing-right-medium:0%;--awb-spacing-left-medium:1.92%;--awb-width-small:100%;--awb-order-small:0;--awb-spacing-right-small:1.92%;--awb-spacing-left-small:1.92%;\"><div class=\"fusion-column-wrapper fusion-column-has-shadow fusion-flex-justify-content-flex-start fusion-content-layout-column\"><div class=\"fusion-text fusion-text-1\" style=\"--awb-margin-top:-15px;\"><p style=\"padding-left: 40px; margin-top: -10px;\">This page brings together articles published in the <a href=\"https:\/\/acad.be\/fr\/revue-belge-darcheologie-et-dhistoire-de-lart\"><em><b>Revue belge d\u2019arch\u00e9ologie et d\u2019histoire de l\u2019art<\/b><\/em> <\/a>that relate to the Belgian historiography of Art history.<\/p>\n<\/div><\/div><\/div><\/div><div class=\"fusion-text fusion-text-2 blrt-li-line-height\" style=\"--awb-letter-spacing:0.01em;--awb-margin-left:99px;\"><ul>\n<li><a href=\"http:\/\/belarthis.be\/wp-content\/uploads\/2025\/08\/RBA-2023-Hamber.pdf\" target=\"_blank\" rel=\"noopener\">Materiality and the Photographic Reproduction of Memling Shrine of St Ursula in Bruges<\/a><br \/><b>Hamber Anthony<\/b><br \/>Vol. XCII, 2023, p 95-118.<\/li>\n<li><a href=\"http:\/\/belarthis.be\/wp-content\/uploads\/2025\/08\/RBA-2023-Sanchez.pdf\" target=\"_blank\" rel=\"noopener\">Des amiti\u00e9s italiennes \u00e0 la Fondation Princesse Marie-Jos\u00e9e. Origine et transformations d&#8217;une association culturelle italo-belge dans l&#8217;Entre-deux-Guerres <\/a><br \/><b>Sanchez Cienfuegos Ines<\/b><br \/><span style=\"letter-spacing: 0.16px; background-color: rgba(0, 0, 0, 0);\">Vol. XCII, 2023, p 119-151. <\/span><\/li>\n<li><a href=\"http:\/\/belarthis.be\/wp-content\/uploads\/2025\/08\/RBA-2023-Veratelli_v2.pdf\" target=\"_blank\" rel=\"noopener\">Pour la &#8220;r\u00e9habilitation&#8221; des Primitifs flamands en Italie. L&#8217;exposition de Florence de 1947 et le projet Ragghianti <\/a><br \/><b>Veratelli Federica<\/b><br \/>Vol. XCII, 2023, p 153-194.<\/li>\n<li><a href=\"http:\/\/belarthis.be\/wp-content\/uploads\/2025\/08\/RBA-2023-Zdanov.pdf\" target=\"_blank\" rel=\"noopener\">La relativit\u00e9 artistique et ses probl\u00e8mes m\u00e9thodologiques dans l&#8217;\u00e9tude de la peinture des Pays-Bas m\u00e9ridionaux<\/a><br \/><b>Zdanov Sacha<\/b><br \/>Prize of the Royal Academy of Archaeology and Art History.<br \/>Vol. XCII, 2023, p 5-45.<\/li>\n<li><span style=\"letter-spacing: 0.16px; background-color: rgba(0, 0, 0, 0);\"><a href=\"https:\/\/belarthis.be\/wp-content\/uploads\/2025\/12\/Archeologie-2024_Jo-Tollebeek-et-Marieke-De-Baerdemaeker.pdf\" target=\"_blank\" rel=\"noopener noreferrer\">Collectionner, \u00e9tudier, exposer la fa\u00efence bruxelloise, 1870-1940<\/a><\/span><span style=\"letter-spacing: 0.16px; background-color: rgba(0, 0, 0, 0);\"><br \/><\/span><span style=\"letter-spacing: 0.16px; background-color: rgba(0, 0, 0, 0);\"><b>Tollebeek Jo<\/b> and <b>De Baerdemaeker Marieke<\/b><br \/>Vol. XCIII, 2024, p 89-130.<\/span><\/li>\n<\/ul>\n<\/div><\/div><\/div><\/div><\/div>\n","protected":false},"excerpt":{"rendered":"","protected":false},"author":1,"featured_media":0,"parent":0,"menu_order":0,"comment_status":"closed","ping_status":"closed","template":"100-width.php","meta":{"_bbp_topic_count":0,"_bbp_reply_count":0,"_bbp_total_topic_count":0,"_bbp_total_reply_count":0,"_bbp_voice_count":0,"_bbp_anonymous_reply_count":0,"_bbp_topic_count_hidden":0,"_bbp_reply_count_hidden":0,"_bbp_forum_subforum_count":0,"footnotes":""},"class_list":["post-4875","page","type-page","status-publish","hentry"],"pp_force_visibility":null,"pp_subpost_visibility":null,"pp_inherited_force_visibility":null,"pp_inherited_subpost_visibility":null,"acf":[],"_links":{"self":[{"href":"https:\/\/belarthis.be\/en\/wp-json\/wp\/v2\/pages\/4875","targetHints":{"allow":["GET"]}}],"collection":[{"href":"https:\/\/belarthis.be\/en\/wp-json\/wp\/v2\/pages"}],"about":[{"href":"https:\/\/belarthis.be\/en\/wp-json\/wp\/v2\/types\/page"}],"author":[{"embeddable":true,"href":"https:\/\/belarthis.be\/en\/wp-json\/wp\/v2\/users\/1"}],"replies":[{"embeddable":true,"href":"https:\/\/belarthis.be\/en\/wp-json\/wp\/v2\/comments?post=4875"}],"version-history":[{"count":8,"href":"https:\/\/belarthis.be\/en\/wp-json\/wp\/v2\/pages\/4875\/revisions"}],"predecessor-version":[{"id":4884,"href":"https:\/\/belarthis.be\/en\/wp-json\/wp\/v2\/pages\/4875\/revisions\/4884"}],"wp:attachment":[{"href":"https:\/\/belarthis.be\/en\/wp-json\/wp\/v2\/media?parent=4875"}],"curies":[{"name":"wp","href":"https:\/\/api.w.org\/{rel}","templated":true}]}}