{"id":4900,"date":"2025-07-18T09:37:06","date_gmt":"2025-07-18T09:37:06","guid":{"rendered":"https:\/\/belarthis.be\/andere-bronnen\/"},"modified":"2026-04-07T13:07:44","modified_gmt":"2026-04-07T13:07:44","slug":"andere-bronnen","status":"publish","type":"page","link":"https:\/\/belarthis.be\/nl\/andere-bronnen\/","title":{"rendered":"Andere bronnen"},"content":{"rendered":"<div class=\"fusion-fullwidth fullwidth-box fusion-builder-row-1 fusion-flex-container has-pattern-background has-mask-background nonhundred-percent-fullwidth non-hundred-percent-height-scrolling\" style=\"--awb-border-radius-top-left:0px;--awb-border-radius-top-right:0px;--awb-border-radius-bottom-right:0px;--awb-border-radius-bottom-left:0px;\" ><div class=\"fusion-builder-row fusion-row fusion-flex-align-items-flex-start\" style=\"max-width:1248px;margin-left: calc(-4% \/ 2 );margin-right: calc(-4% \/ 2 );\"><div class=\"fusion-layout-column fusion_builder_column fusion-builder-column-0 fusion_builder_column_1_1 1_1 fusion-flex-column\" style=\"--awb-bg-size:cover;--awb-width-large:100%;--awb-margin-top-large:0px;--awb-spacing-right-large:1.92%;--awb-margin-bottom-large:20px;--awb-spacing-left-large:1.92%;--awb-width-medium:100%;--awb-order-medium:0;--awb-spacing-right-medium:1.92%;--awb-spacing-left-medium:1.92%;--awb-width-small:100%;--awb-order-small:0;--awb-spacing-right-small:1.92%;--awb-spacing-left-small:1.92%;\"><div class=\"fusion-column-wrapper fusion-column-has-shadow fusion-flex-justify-content-flex-start fusion-content-layout-column\"><div class=\"fusion-title title fusion-title-1 fusion-sep-none fusion-title-text fusion-title-size-one\"><h1 class=\"title-heading-left\" style=\"margin:0;\">Andere bronnen<\/h1><\/div><div class=\"fusion-text fusion-text-1\"><p style=\"padding-left: 40px;\">Deze pagina bundelt aanvullende bronnen van andere instellingen, projecten en publicaties die gewijd zijn aan de historiografie van de kunstgeschiedenis.<\/p>\n<p style=\"padding-left: 40px;\"><b><a href=\"https:\/\/www.art-info.be\">Art-info.be<\/a><\/b><\/p>\n<p style=\"padding-left: 40px;\">De website van art-info.be wil een zo volledig mogelijk overzicht bieden van de kunstgeschiedenis in Belgi\u00eb (1830-2030): een chronologisch overzicht, kunstenaars, kunstenaarsgroepen, werken, instellingen en priv\u00e9-initiatieven, evenementen en tentoonstellingen, stromingen en trends, sleutelfiguren en bibliografie. Via de zoekfunctie \u2018persoonlijkheden\u2019 kunt u biografie\u00ebn van kunstcritici en kunsthistorici vinden. De website vermeldt ook verschillende \u2018instellingen\u2019 die een aanvulling vormen op de publicaties op de Belarthis website.  <\/p>\n<\/div><div class=\"fusion-text fusion-text-2\"><p style=\"padding-left: 40px;\"><span style=\"letter-spacing: 0.24px; background-color: rgba(0, 0, 0, 0);\"><a href=\"https:\/\/academieroyale.be\/fr\/la-biographie-nationale-presentation\/\" style=\"font-weight: bold;\"><i>Biographie nationale<\/i>\u202f<\/a> <b>en<a href=\"https:\/\/academieroyale.be\/fr\/la-biographie-nationale-presentation\/\" style=\"\">\u202f<\/a><\/b><a href=\"https:\/\/academieroyale.be\/fr\/la-biographie-nationale-presentation\/\" style=\"font-weight: bold;\"> <i>Nouvelle Biographie nationale<\/i><\/a><\/span><\/p>\n<p style=\"padding-left: 40px;\">De\u202fNouvelle Biographie nationale\u202fis een verzameling van onuitgegeven biografische mededelingen over overleden persoonlijkheden die in Belgi\u00eb bekendheid hebben verworven dankzij hun bijdrage tot de maatschappij, in verschillende domeinen en periodes van de geschiedenis, voornamelijk de hedendaagse periode. De personen zijn Belgisch of geboren op grondgebied dat ten tijde van hun geboorte deel uitmaakte van de Zuidelijke Nederlanden en het vorstendom Luik; ook bepaalde buitenlanders die een belangrijke rol hebben gespeeld in de geschiedenis van het land, zijn erin opgenomen. <\/p>\n<p><span style=\"letter-spacing: 0.24px; background-color: rgba(0, 0, 0, 0);\"><\/span><\/p>\n<p style=\"padding-left: 40px;\">De website biedt toegang tot de gedigitaliseerde versie van de\u202fBiographie nationale\u202fen de eerste twaalf delen van de\u202fNouvelle Biographie nationale. Met een ge\u00efntegreerde zoekfunctie kunt u een gepubliceerde biografie terugvinden. Het subhoofdstuk \u2018Personnalit\u00e9s\u2019 bevat alle personen over wie een biografie is geschreven in de\u202fBiographie nationale\u202fof in de eerste twaalf delen van de\u202fNouvelle Biographie nationale.  <\/p>\n<p style=\"padding-left: 40px;\"><span style=\"letter-spacing: 0.24px; background-color: rgba(0, 0, 0, 0);\"><a href=\"https:\/\/arthistorians.info\"><b>Duke Dictionary of Art Historians<\/b><\/a><\/span><\/p>\n<p style=\"padding-left: 40px;\"><span style=\"letter-spacing: 0.24px; background-color: rgba(0, 0, 0, 0);\">De\u202fDuke Dictionary of Art Historians\u202f(DAH) is een gratis online bron, gefinancierd met particuliere middelen, die tot doel heeft biografische en professionele informatie te documenteren en te verzamelen over kunsthistorici (ongeveer vijftig voor Belgi\u00eb), critici en onderzoekers die hebben bijgedragen aan de ontwikkeling van het vakgebied over de hele wereld. Dit project is een soort levend archief dat waardevolle context en diepgaande informatie biedt over de figuren die het discours over kunstgeschiedenis hebben gevormd.  <\/span><span style=\"background-color: rgba(0, 0, 0, 0); letter-spacing: 0.24px;\">De beschrijving van het project is in meerdere talen beschikbaar en de website biedt een bibliografie en een lexicon over verschillende onderwerpen gerelateerd aan de database (algemene historiografie, periodes, media, landen, genres, enz.). La description du projet se fait en plusieurs langues et le site propose une bibliographie et un lexique sur diverses probl\u00e9matiques li\u00e9es \u00e0 la base de donn\u00e9es (historiographie g\u00e9n\u00e9rale, p\u00e9riodes, mediums, pays, genres, etc.). <\/span><\/p>\n<p style=\"padding-left: 40px;\"><strong style=\"background-color: rgba(0, 0, 0, 0); letter-spacing: 0.24px;\"><a href=\"https:\/\/www.inha.fr\/dictionnaire-critique-des-historiens-de-lart-actifs-en-france-de-la-revolution-a-la-premiere-guerre-mondiale\/\">Dictionnaire critique des historiens de l\u2019art actifs en France de la R\u00e9volution \u00e0 la Premi\u00e8re Guerre mondiale<\/a><\/strong><\/p>\n<p style=\"padding-left: 40px;\"><span style=\"letter-spacing: 0.24px; background-color: rgba(0, 0, 0, 0);\">Dit kritische online woordenboek biedt een representatieve selectie van kunsthistorici die actief waren in Frankrijk vanaf de Revolutie tot aan de Eerste Wereldoorlog. Het wordt momenteel heruitgegeven en zal beschikbaar zijn op OpenEdition Books in de collectie \u201cTraverses\u201d. Dit deel zal worden aangevuld met ongeveer honderd nieuwe lemma&#8217;s. Deze worden aangeduid als \u201cte verschijnen\u201d.   <\/span><\/p>\n<p style=\"padding-left: 40px;\"><span style=\"letter-spacing: 0.24px; background-color: rgba(0, 0, 0, 0);\"><a href=\"https:\/\/iselp.be\"><b>ISELP <\/b><\/a><\/span><\/p>\n<p style=\"padding-left: 40px;\">Het ISELP (Institut sup\u00e9rieur pour l\u2019\u00e9tude du langage plastique) werd opgericht in 1971 en is een plek waar hedendaagse kunst vanuit verschillende aanvullende invalshoeken wordt benaderd. Een van die invalshoeken is die van de reflectie over beroepen in de kunstgeschiedenis (<a href=\"https:\/\/iselp.be\/editions\/lhistoire-de-lart-comme-profession\/\">L\u2019histoire de l\u2019art comme profession<\/a>).It also offers a series of podcast \u00ab\u202f<a href=\"https:\/\/iselp.be\/podcasts\/tetes-chercheuses\/\">T\u00eates chercheuses<\/a>\u202f\u00bb featuring interviews with experienced researchers from a wide variety of backgrounds.   <span style=\"letter-spacing: 0.24px; background-color: rgba(0, 0, 0, 0);\"><\/span><\/p>\n<p style=\"padding-left: 40px;\"><a href=\"https:\/\/retrace.agency\"><b>Retrace srl<\/b><\/a><\/p>\n<p style=\"padding-left: 40px;\"><span style=\"letter-spacing: 0.24px; background-color: rgba(0, 0, 0, 0);\">Retrace is een particulier bedrijf dat zich bezighoudt met de valorisatie van historisch, archeologisch en artistiek erfgoed. Het biedt zijn diensten aan particulieren, families, eigenaars van historische woningen, bedrijven, vzw&#8217;s en stichtingen, verzamelaars, maar ook aan culturele sites. Retrace verzamelt en documenteert biografie\u00ebn, familiegeschiedenissen, memoires van non-profitorganisaties, bedrijven en stichtingen, geschiedenissen van plaatsen of catalogi van collecties, en legt deze vast in blijvende publicaties. <\/span><\/p>\n<p style=\"padding-left: 40px;\"><span style=\"letter-spacing: 0.24px; background-color: rgba(0, 0, 0, 0);\">Retrace werd als \u201cbron\u201d bij Belarthis vanwege diens frequente publicatie van interviews met erfgoedspecialisten in de <a href=\"https:\/\/retrace.agency\/newsletter-fr\">nieuwsbrief <\/a>(rubriek \u00ab\u202fLa voix des experts\u202f\u00bb).<\/span><\/p>\n<\/p>\n<p style=\"padding-left: 40px;\">\n<\/div><\/div><\/div><\/div><\/div>\n","protected":false},"excerpt":{"rendered":"","protected":false},"author":1,"featured_media":0,"parent":0,"menu_order":0,"comment_status":"closed","ping_status":"closed","template":"100-width.php","meta":{"_bbp_topic_count":0,"_bbp_reply_count":0,"_bbp_total_topic_count":0,"_bbp_total_reply_count":0,"_bbp_voice_count":0,"_bbp_anonymous_reply_count":0,"_bbp_topic_count_hidden":0,"_bbp_reply_count_hidden":0,"_bbp_forum_subforum_count":0,"footnotes":""},"class_list":["post-4900","page","type-page","status-publish","hentry"],"pp_force_visibility":null,"pp_subpost_visibility":null,"pp_inherited_force_visibility":null,"pp_inherited_subpost_visibility":null,"acf":[],"_links":{"self":[{"href":"https:\/\/belarthis.be\/nl\/wp-json\/wp\/v2\/pages\/4900","targetHints":{"allow":["GET"]}}],"collection":[{"href":"https:\/\/belarthis.be\/nl\/wp-json\/wp\/v2\/pages"}],"about":[{"href":"https:\/\/belarthis.be\/nl\/wp-json\/wp\/v2\/types\/page"}],"author":[{"embeddable":true,"href":"https:\/\/belarthis.be\/nl\/wp-json\/wp\/v2\/users\/1"}],"replies":[{"embeddable":true,"href":"https:\/\/belarthis.be\/nl\/wp-json\/wp\/v2\/comments?post=4900"}],"version-history":[{"count":11,"href":"https:\/\/belarthis.be\/nl\/wp-json\/wp\/v2\/pages\/4900\/revisions"}],"predecessor-version":[{"id":4914,"href":"https:\/\/belarthis.be\/nl\/wp-json\/wp\/v2\/pages\/4900\/revisions\/4914"}],"wp:attachment":[{"href":"https:\/\/belarthis.be\/nl\/wp-json\/wp\/v2\/media?parent=4900"}],"curies":[{"name":"wp","href":"https:\/\/api.w.org\/{rel}","templated":true}]}}